{"id":2067,"date":"2025-01-23T15:22:20","date_gmt":"2025-01-23T15:22:20","guid":{"rendered":"https:\/\/ferreirafacialplastics.com\/en\/?page_id=2067"},"modified":"2025-06-03T13:11:25","modified_gmt":"2025-06-03T13:11:25","slug":"bichectomy","status":"publish","type":"page","link":"https:\/\/ferreirafacialplastics.com\/en\/bichectomy\/","title":{"rendered":"Bichectomy"},"content":{"rendered":"<p><div class=\"fusion-fullwidth fullwidth-box fusion-builder-row-1 fusion-flex-container nonhundred-percent-fullwidth non-hundred-percent-height-scrolling\" style=\"--awb-border-radius-top-left:0px;--awb-border-radius-top-right:0px;--awb-border-radius-bottom-right:0px;--awb-border-radius-bottom-left:0px;--awb-padding-top:0px;--awb-margin-bottom:8%;--awb-flex-wrap:wrap;\" ><div class=\"fusion-builder-row fusion-row fusion-flex-align-items-flex-start fusion-flex-content-wrap\" style=\"max-width:1404px;margin-left: calc(-4% \/ 2 );margin-right: calc(-4% \/ 2 );\"><div class=\"fusion-layout-column fusion_builder_column fusion-builder-column-0 fusion_builder_column_1_3 1_3 fusion-flex-column fusion-animated\" style=\"--awb-padding-left:0%;--awb-bg-size:cover;--awb-width-large:33.333333333333%;--awb-margin-top-large:0px;--awb-spacing-right-large:14.4%;--awb-margin-bottom-large:20px;--awb-spacing-left-large:5.76%;--awb-width-medium:100%;--awb-spacing-right-medium:1.92%;--awb-spacing-left-medium:1.92%;--awb-width-small:100%;--awb-order-small:0;--awb-spacing-right-small:1.92%;--awb-spacing-left-small:1.92%;\" data-animationType=\"fadeInUp\" data-animationDuration=\"1.0\" data-animationOffset=\"top-into-view\"><div class=\"fusion-column-wrapper fusion-column-has-shadow fusion-flex-justify-content-flex-start fusion-content-layout-column\"><div class=\"fusion-image-element \" style=\"--awb-liftup-border-radius:0px;--awb-caption-title-font-family:var(--h2_typography-font-family);--awb-caption-title-font-weight:var(--h2_typography-font-weight);--awb-caption-title-font-style:var(--h2_typography-font-style);--awb-caption-title-size:var(--h2_typography-font-size);--awb-caption-title-transform:var(--h2_typography-text-transform);--awb-caption-title-line-height:var(--h2_typography-line-height);--awb-caption-title-letter-spacing:var(--h2_typography-letter-spacing);\"><div class=\"awb-image-frame awb-image-frame-1 imageframe-liftup\"><span class=\" fusion-imageframe imageframe-none imageframe-1\"><img decoding=\"async\" width=\"750\" height=\"1052\" title=\"Bichectomia\" src=\"https:\/\/ferreirafacialplastics.com\/en\/wp-content\/uploads\/2025\/01\/Bichectomia.webp\" data-orig-src=\"https:\/\/ferreirafacialplastics.com\/wp-content\/uploads\/2025\/01\/Bichectomia.webp\" alt class=\"lazyload img-responsive wp-image-2077\" srcset=\"data:image\/svg+xml,%3Csvg%20xmlns%3D%27http%3A%2F%2Fwww.w3.org%2F2000%2Fsvg%27%20width%3D%27750%27%20height%3D%271052%27%20viewBox%3D%270%200%20750%201052%27%3E%3Crect%20width%3D%27750%27%20height%3D%271052%27%20fill-opacity%3D%220%22%2F%3E%3C%2Fsvg%3E\" data-srcset=\"https:\/\/ferreirafacialplastics.com\/en\/wp-content\/uploads\/2025\/01\/Bichectomia-200x281.webp 200w, https:\/\/ferreirafacialplastics.com\/en\/wp-content\/uploads\/2025\/01\/Bichectomia-400x561.webp 400w, https:\/\/ferreirafacialplastics.com\/en\/wp-content\/uploads\/2025\/01\/Bichectomia-600x842.webp 600w, https:\/\/ferreirafacialplastics.com\/en\/wp-content\/uploads\/2025\/01\/Bichectomia.webp 750w\" data-sizes=\"auto\" data-orig-sizes=\"(max-width: 900px) 100vw, (max-width: 640px) 100vw, 400px\" \/><\/span><\/div><\/div><div class=\"fusion-separator fusion-no-medium-visibility fusion-no-large-visibility fusion-full-width-sep\" style=\"align-self: center;margin-left: auto;margin-right: auto;margin-bottom:4%;width:100%;\"><\/div><div class=\"fusion-title title fusion-title-1 fusion-sep-none fusion-title-text fusion-title-size-four\" style=\"--awb-margin-top:8%;--awb-margin-top-small:10px;--awb-margin-right-small:0px;--awb-margin-bottom-small:10px;--awb-margin-left-small:0px;--awb-margin-top-medium:40px;--awb-font-size:22px;\"><h4 class=\"fusion-title-heading title-heading-left fusion-responsive-typography-calculated\" style=\"margin:0;font-size:1em;--fontSize:22;line-height:var(--awb-typography1-line-height);\">Bichectomy<\/h4><\/div><div class=\"fusion-text fusion-text-1\"><p align=\"justify\">A Bichectomia \u00e9 realizada para remover a gordura das bochechas,<br \/>\ndefinindo as ma\u00e7\u00e3s do rosto e conferindo uma apar\u00eancia mais esculpida.<\/p>\n<\/div><div class=\"fusion-separator fusion-no-large-visibility fusion-full-width-sep\" style=\"align-self: center;margin-left: auto;margin-right: auto;margin-bottom:7%;width:100%;\"><\/div><\/div><\/div><div class=\"fusion-layout-column fusion_builder_column fusion-builder-column-1 fusion_builder_column_2_3 2_3 fusion-flex-column fusion-animated\" style=\"--awb-bg-size:cover;--awb-width-large:66.666666666667%;--awb-margin-top-large:0px;--awb-spacing-right-large:2.88%;--awb-margin-bottom-large:20px;--awb-spacing-left-large:14.4%;--awb-width-medium:100%;--awb-spacing-right-medium:1.92%;--awb-spacing-left-medium:5.76%;--awb-width-small:100%;--awb-spacing-right-small:1.92%;--awb-margin-bottom-small:30px;--awb-spacing-left-small:1.92%;\" data-animationType=\"fadeInRight\" data-animationDuration=\"1.0\" data-animationOffset=\"top-into-view\"><div class=\"fusion-column-wrapper fusion-column-has-shadow fusion-flex-justify-content-flex-start fusion-content-layout-column\"><div class=\"fusion-title title fusion-title-2 fusion-sep-none fusion-title-text fusion-title-size-two\" style=\"--awb-text-color:var(--awb-color5);--awb-margin-bottom:1em;--awb-margin-top-small:10px;--awb-margin-right-small:0px;--awb-margin-bottom-small:10px;--awb-margin-left-small:0px;--awb-font-size:23px;\"><h2 class=\"fusion-title-heading title-heading-left fusion-responsive-typography-calculated\" style=\"margin:0;font-size:1em;--fontSize:23;line-height:var(--awb-typography1-line-height);\">Buccal Fat Removal Surgery<\/h2><\/div><div class=\"fusion-title title fusion-title-3 fusion-sep-none fusion-title-text fusion-title-size-three\" style=\"--awb-margin-top-small:10px;--awb-margin-right-small:0px;--awb-margin-bottom-small:10px;--awb-margin-left-small:0px;--awb-font-size:2.8em;\"><h3 class=\"fusion-title-heading title-heading-left fusion-responsive-typography-calculated\" style=\"margin:0;font-size:1em;--fontSize:50.4;line-height:1.13;\">Bichectomy<\/h3><\/div><div class=\"fusion-text fusion-text-2\"><p>Bichectomy is a surgical procedure performed to remove the Bichat fat pad\u2014commonly referred to as cheek fat.<\/p>\n<p>This procedure has become increasingly popular, especially among individuals seeking a slimmer face and a more contoured look, free from prominent or chubby cheeks.<\/p>\n<p>Buccal fat removal involves the extraction of the Bichat fat pad, which is located within two fat compartments inside the cheeks. The procedure can be done under local anesthesia or general anesthesia, particularly when combined with other facial surgeries.<\/p>\n<p>This surgery helps reduce lower cheek fullness and enhances the definition of the cheekbones, giving the face a more sculpted appearance.<\/p>\n<p>The incisions are made inside the mouth, leaving no visible external scars. Ideal candidates typically have excess fullness in the lower cheeks. Other factors are also considered, such as being in good physical health, having a stable weight, realistic expectations, non-smoking status, and the level of concern with the appearance of round or bulky cheeks.<\/p>\n<\/div><div style=\"text-align:left;\"><a class=\"fusion-button button-flat fusion-button-default-size button-default fusion-button-default button-1 fusion-button-default-span fusion-button-default-type\" target=\"_self\" href=\"https:\/\/ferreirafacialplastics.com\/en\/contacts\/\"><span class=\"fusion-button-text awb-button__text awb-button__text--default\">Schedule an Assessment<\/span><\/a><\/div><\/div><\/div><\/div><\/div><div class=\"fusion-fullwidth fullwidth-box fusion-builder-row-2 fusion-flex-container fusion-parallax-none nonhundred-percent-fullwidth non-hundred-percent-height-scrolling lazyload fusion-animated\" style=\"--awb-border-sizes-top:0px;--awb-border-sizes-bottom:0px;--awb-border-sizes-left:0px;--awb-border-sizes-right:0px;--awb-border-radius-top-left:0px;--awb-border-radius-top-right:0px;--awb-border-radius-bottom-right:0px;--awb-border-radius-bottom-left:0px;--awb-padding-top:8vw;--awb-padding-right:30px;--awb-padding-bottom:0px;--awb-padding-left:30px;--awb-padding-top-small:16vw;--awb-margin-top:0px;--awb-margin-bottom:180px;--awb-margin-bottom-medium:145px;--awb-background-image:linear-gradient(180deg, rgba(26,2,0,0.1) 0%,rgba(255,255,255,0) 100%);;--awb-background-size:cover;--awb-flex-wrap:wrap;\" data-bg=\"https:\/\/ferreirafacialplastics.com\/wp-content\/uploads\/2025\/01\/Pos-Operatorio-de-Bichectomia.webp\" data-bg-gradient=\"linear-gradient(180deg, rgba(26,2,0,0.1) 0%,rgba(255,255,255,0) 100%)\" data-animationType=\"fadeIn\" data-animationDuration=\"0.8\" data-animationOffset=\"top-into-view\" ><div class=\"fusion-builder-row fusion-row fusion-flex-align-items-flex-start fusion-flex-content-wrap\" style=\"max-width:1404px;margin-left: calc(-4% \/ 2 );margin-right: calc(-4% \/ 2 );\"><div class=\"fusion-layout-column fusion_builder_column fusion-builder-column-2 fusion-flex-column fusion-animated\" style=\"--awb-padding-top:80px;--awb-padding-right:80px;--awb-padding-bottom:80px;--awb-padding-left:80px;--awb-padding-top-small:50px;--awb-padding-right-small:50px;--awb-padding-bottom-small:50px;--awb-padding-left-small:50px;--awb-bg-color:#ffffff;--awb-bg-color-hover:#ffffff;--awb-bg-size:cover;--awb-width-large:58%;--awb-margin-top-large:0px;--awb-spacing-right-large:3.3103448275862%;--awb-margin-bottom-large:-65px;--awb-spacing-left-large:3.3103448275862%;--awb-width-medium:66.666666666667%;--awb-order-medium:0;--awb-spacing-right-medium:2.88%;--awb-spacing-left-medium:2.88%;--awb-width-small:100%;--awb-order-small:0;--awb-spacing-right-small:1.92%;--awb-spacing-left-small:1.92%;\" data-animationType=\"bounceInUp\" data-animationDuration=\"1.3\" data-animationOffset=\"top-into-view\"><div class=\"fusion-column-wrapper fusion-column-has-shadow fusion-flex-justify-content-flex-start fusion-content-layout-column\"><div class=\"fusion-text fusion-text-3\" style=\"--awb-font-size:19px;--awb-line-height:1.7;--awb-letter-spacing:0px;--awb-text-transform:var(--awb-typography2-text-transform);--awb-text-color:#169be8;--awb-text-font-family:&quot;Readex Pro&quot;;--awb-text-font-style:normal;--awb-text-font-weight:400;\"><p>Post-Operative Instructions for Buccal Fat Removal<\/p>\n<\/div><div class=\"fusion-title title fusion-title-4 fusion-sep-none fusion-title-text fusion-title-size-two\" style=\"--awb-text-color:#1a0200;--awb-margin-top:0px;--awb-margin-bottom:35px;--awb-margin-top-small:0px;--awb-margin-right-small:0px;--awb-margin-bottom-small:20px;--awb-margin-left-small:0px;--awb-font-size:47px;\"><h2 class=\"fusion-title-heading title-heading-left fusion-responsive-typography-calculated\" style=\"font-family:&quot;Heebo&quot;;font-style:normal;font-weight:400;margin:0;letter-spacing:-0.03em;text-transform:var(--awb-typography1-text-transform);font-size:1em;--fontSize:47;line-height:1.2;\">Post-Operative<\/h2><\/div><div class=\"fusion-text fusion-text-4\" style=\"--awb-font-size:17px;--awb-line-height:1.7;--awb-letter-spacing:var(--awb-typography4-letter-spacing);--awb-text-transform:var(--awb-typography4-text-transform);--awb-text-color:#1a0200;--awb-text-font-family:&quot;Heebo&quot;;--awb-text-font-style:normal;--awb-text-font-weight:300;\"><p>To reduce post-surgical effects after a buccal fat removal, such as swelling and bruising on the cheeks, cold compresses are recommended.<\/p>\n<p>For the first 48 hours, the diet should consist of soft or liquid foods. You may return to work after 6 days of rest, but intense physical exercise should be avoided for 4 weeks following the procedure. During the recovery period, Paracetamol is recommended to manage pain.<\/p>\n<p>Medical leave typically ranges from 6 to 12 days, during which you may work from home, as long as you avoid strenuous activity.<\/p>\n<\/div><div ><a class=\"fusion-button button-flat fusion-button-default-size button-custom fusion-button-default button-2 fusion-button-default-span \" style=\"--awb-margin-top:30px;--awb-padding-top:16px;--awb-padding-right:32px;--awb-padding-bottom:16px;--awb-padding-left:32px;--button_accent_color:#ffffff;--button_border_color:#d1d1d1;--button_accent_hover_color:#ffffff;--button_border_hover_color:#ffffff;--button_border_width-top:0px;--button_border_width-right:0px;--button_border_width-bottom:0px;--button_border_width-left:0px;--button-border-radius-top-left:0;--button-border-radius-top-right:0;--button-border-radius-bottom-right:0;--button-border-radius-bottom-left:0;--button_gradient_top_color:#169be8;--button_gradient_bottom_color:#169be8;--button_gradient_top_color_hover:rgba(255,87,71,0.8);--button_gradient_bottom_color_hover:rgba(255,87,71,0.8);--button_text_transform:var(--awb-typography3-text-transform);--button_font_size:15px;--button_line_height:1.7;--button_typography-letter-spacing:0px;--button_typography-font-family:&quot;Readex Pro&quot;;--button_typography-font-style:normal;--button_typography-font-weight:400;\" target=\"_self\" href=\"https:\/\/ferreirafacialplastics.com\/en\/contacts\/\"><span class=\"fusion-button-text awb-button__text awb-button__text--default\">Schedule an Assessment<\/span><\/a><\/div><\/div><\/div><\/div><\/div><\/p>\n","protected":false},"excerpt":{"rendered":"","protected":false},"author":1,"featured_media":2075,"parent":0,"menu_order":0,"comment_status":"closed","ping_status":"closed","template":"100-width.php","meta":{"footnotes":""},"class_list":["post-2067","page","type-page","status-publish","has-post-thumbnail","hentry"],"yoast_head":"<!-- This site is optimized with the Yoast SEO plugin v27.4 - https:\/\/yoast.com\/product\/yoast-seo-wordpress\/ -->\n<title>Bichectomy - MGFERREIRA<\/title>\n<meta name=\"robots\" content=\"index, follow, max-snippet:-1, max-image-preview:large, max-video-preview:-1\" \/>\n<link rel=\"canonical\" href=\"https:\/\/ferreirafacialplastics.com\/en\/bichectomy\/\" \/>\n<meta property=\"og:locale\" content=\"en_US\" \/>\n<meta property=\"og:type\" content=\"article\" \/>\n<meta property=\"og:title\" content=\"Bichectomy - MGFERREIRA\" \/>\n<meta property=\"og:url\" content=\"https:\/\/ferreirafacialplastics.com\/en\/bichectomy\/\" \/>\n<meta property=\"og:site_name\" content=\"MGFERREIRA\" \/>\n<meta property=\"article:publisher\" content=\"https:\/\/www.facebook.com\/rinoplastiaporto\/\" \/>\n<meta property=\"article:modified_time\" content=\"2025-06-03T13:11:25+00:00\" \/>\n<meta property=\"og:image\" content=\"https:\/\/ferreirafacialplastics.com\/en\/wp-content\/uploads\/2025\/01\/bochechas.webp\" \/>\n\t<meta property=\"og:image:width\" content=\"2560\" \/>\n\t<meta property=\"og:image:height\" content=\"868\" \/>\n\t<meta property=\"og:image:type\" content=\"image\/webp\" \/>\n<meta name=\"twitter:card\" content=\"summary_large_image\" \/>\n<meta name=\"twitter:label1\" content=\"Est. reading time\" \/>\n\t<meta name=\"twitter:data1\" content=\"3 minutes\" \/>\n<script type=\"application\/ld+json\" class=\"yoast-schema-graph\">{\"@context\":\"https:\\\/\\\/schema.org\",\"@graph\":[{\"@type\":\"WebPage\",\"@id\":\"https:\\\/\\\/ferreirafacialplastics.com\\\/en\\\/bichectomy\\\/\",\"url\":\"https:\\\/\\\/ferreirafacialplastics.com\\\/en\\\/bichectomy\\\/\",\"name\":\"Bichectomy - MGFERREIRA\",\"isPartOf\":{\"@id\":\"https:\\\/\\\/ferreirafacialplastics.com\\\/en\\\/#website\"},\"primaryImageOfPage\":{\"@id\":\"https:\\\/\\\/ferreirafacialplastics.com\\\/en\\\/bichectomy\\\/#primaryimage\"},\"image\":{\"@id\":\"https:\\\/\\\/ferreirafacialplastics.com\\\/en\\\/bichectomy\\\/#primaryimage\"},\"thumbnailUrl\":\"https:\\\/\\\/ferreirafacialplastics.com\\\/en\\\/wp-content\\\/uploads\\\/2025\\\/01\\\/bochechas.webp\",\"datePublished\":\"2025-01-23T15:22:20+00:00\",\"dateModified\":\"2025-06-03T13:11:25+00:00\",\"breadcrumb\":{\"@id\":\"https:\\\/\\\/ferreirafacialplastics.com\\\/en\\\/bichectomy\\\/#breadcrumb\"},\"inLanguage\":\"en-US\",\"potentialAction\":[{\"@type\":\"ReadAction\",\"target\":[\"https:\\\/\\\/ferreirafacialplastics.com\\\/en\\\/bichectomy\\\/\"]}]},{\"@type\":\"ImageObject\",\"inLanguage\":\"en-US\",\"@id\":\"https:\\\/\\\/ferreirafacialplastics.com\\\/en\\\/bichectomy\\\/#primaryimage\",\"url\":\"https:\\\/\\\/ferreirafacialplastics.com\\\/en\\\/wp-content\\\/uploads\\\/2025\\\/01\\\/bochechas.webp\",\"contentUrl\":\"https:\\\/\\\/ferreirafacialplastics.com\\\/en\\\/wp-content\\\/uploads\\\/2025\\\/01\\\/bochechas.webp\",\"width\":2560,\"height\":868},{\"@type\":\"BreadcrumbList\",\"@id\":\"https:\\\/\\\/ferreirafacialplastics.com\\\/en\\\/bichectomy\\\/#breadcrumb\",\"itemListElement\":[{\"@type\":\"ListItem\",\"position\":1,\"name\":\"In\u00edcio\",\"item\":\"https:\\\/\\\/ferreirafacialplastics.com\\\/en\\\/\"},{\"@type\":\"ListItem\",\"position\":2,\"name\":\"Bichectomy\"}]},{\"@type\":\"WebSite\",\"@id\":\"https:\\\/\\\/ferreirafacialplastics.com\\\/en\\\/#website\",\"url\":\"https:\\\/\\\/ferreirafacialplastics.com\\\/en\\\/\",\"name\":\"MGFERREIRA\",\"description\":\"RHINOPLASTY FACIAL PLASTICS\",\"publisher\":{\"@id\":\"https:\\\/\\\/ferreirafacialplastics.com\\\/en\\\/#organization\"},\"potentialAction\":[{\"@type\":\"SearchAction\",\"target\":{\"@type\":\"EntryPoint\",\"urlTemplate\":\"https:\\\/\\\/ferreirafacialplastics.com\\\/en\\\/?s={search_term_string}\"},\"query-input\":{\"@type\":\"PropertyValueSpecification\",\"valueRequired\":true,\"valueName\":\"search_term_string\"}}],\"inLanguage\":\"en-US\"},{\"@type\":\"Organization\",\"@id\":\"https:\\\/\\\/ferreirafacialplastics.com\\\/en\\\/#organization\",\"name\":\"MGFERREIRA\",\"url\":\"https:\\\/\\\/ferreirafacialplastics.com\\\/en\\\/\",\"logo\":{\"@type\":\"ImageObject\",\"inLanguage\":\"en-US\",\"@id\":\"https:\\\/\\\/ferreirafacialplastics.com\\\/en\\\/#\\\/schema\\\/logo\\\/image\\\/\",\"url\":\"https:\\\/\\\/ferreirafacialplastics.com\\\/wp-content\\\/uploads\\\/2025\\\/01\\\/favicon.png\",\"contentUrl\":\"https:\\\/\\\/ferreirafacialplastics.com\\\/wp-content\\\/uploads\\\/2025\\\/01\\\/favicon.png\",\"width\":388,\"height\":388,\"caption\":\"MGFERREIRA\"},\"image\":{\"@id\":\"https:\\\/\\\/ferreirafacialplastics.com\\\/en\\\/#\\\/schema\\\/logo\\\/image\\\/\"},\"sameAs\":[\"https:\\\/\\\/www.facebook.com\\\/rinoplastiaporto\\\/\",\"https:\\\/\\\/www.instagram.com\\\/miguelferreira_facialplastics\\\/\",\"https:\\\/\\\/www.youtube.com\\\/@miguelgoncalvesferreira5956\",\"https:\\\/\\\/www.linkedin.com\\\/in\\\/miguel-gonalves-ferreira-md-phd-47a7b623\\\/\"]}]}<\/script>\n<!-- \/ Yoast SEO plugin. -->","yoast_head_json":{"title":"Bichectomy - MGFERREIRA","robots":{"index":"index","follow":"follow","max-snippet":"max-snippet:-1","max-image-preview":"max-image-preview:large","max-video-preview":"max-video-preview:-1"},"canonical":"https:\/\/ferreirafacialplastics.com\/en\/bichectomy\/","og_locale":"en_US","og_type":"article","og_title":"Bichectomy - MGFERREIRA","og_url":"https:\/\/ferreirafacialplastics.com\/en\/bichectomy\/","og_site_name":"MGFERREIRA","article_publisher":"https:\/\/www.facebook.com\/rinoplastiaporto\/","article_modified_time":"2025-06-03T13:11:25+00:00","og_image":[{"width":2560,"height":868,"url":"https:\/\/ferreirafacialplastics.com\/en\/wp-content\/uploads\/2025\/01\/bochechas.webp","type":"image\/webp"}],"twitter_card":"summary_large_image","twitter_misc":{"Est. reading time":"3 minutes"},"schema":{"@context":"https:\/\/schema.org","@graph":[{"@type":"WebPage","@id":"https:\/\/ferreirafacialplastics.com\/en\/bichectomy\/","url":"https:\/\/ferreirafacialplastics.com\/en\/bichectomy\/","name":"Bichectomy - MGFERREIRA","isPartOf":{"@id":"https:\/\/ferreirafacialplastics.com\/en\/#website"},"primaryImageOfPage":{"@id":"https:\/\/ferreirafacialplastics.com\/en\/bichectomy\/#primaryimage"},"image":{"@id":"https:\/\/ferreirafacialplastics.com\/en\/bichectomy\/#primaryimage"},"thumbnailUrl":"https:\/\/ferreirafacialplastics.com\/en\/wp-content\/uploads\/2025\/01\/bochechas.webp","datePublished":"2025-01-23T15:22:20+00:00","dateModified":"2025-06-03T13:11:25+00:00","breadcrumb":{"@id":"https:\/\/ferreirafacialplastics.com\/en\/bichectomy\/#breadcrumb"},"inLanguage":"en-US","potentialAction":[{"@type":"ReadAction","target":["https:\/\/ferreirafacialplastics.com\/en\/bichectomy\/"]}]},{"@type":"ImageObject","inLanguage":"en-US","@id":"https:\/\/ferreirafacialplastics.com\/en\/bichectomy\/#primaryimage","url":"https:\/\/ferreirafacialplastics.com\/en\/wp-content\/uploads\/2025\/01\/bochechas.webp","contentUrl":"https:\/\/ferreirafacialplastics.com\/en\/wp-content\/uploads\/2025\/01\/bochechas.webp","width":2560,"height":868},{"@type":"BreadcrumbList","@id":"https:\/\/ferreirafacialplastics.com\/en\/bichectomy\/#breadcrumb","itemListElement":[{"@type":"ListItem","position":1,"name":"In\u00edcio","item":"https:\/\/ferreirafacialplastics.com\/en\/"},{"@type":"ListItem","position":2,"name":"Bichectomy"}]},{"@type":"WebSite","@id":"https:\/\/ferreirafacialplastics.com\/en\/#website","url":"https:\/\/ferreirafacialplastics.com\/en\/","name":"MGFERREIRA","description":"RHINOPLASTY FACIAL PLASTICS","publisher":{"@id":"https:\/\/ferreirafacialplastics.com\/en\/#organization"},"potentialAction":[{"@type":"SearchAction","target":{"@type":"EntryPoint","urlTemplate":"https:\/\/ferreirafacialplastics.com\/en\/?s={search_term_string}"},"query-input":{"@type":"PropertyValueSpecification","valueRequired":true,"valueName":"search_term_string"}}],"inLanguage":"en-US"},{"@type":"Organization","@id":"https:\/\/ferreirafacialplastics.com\/en\/#organization","name":"MGFERREIRA","url":"https:\/\/ferreirafacialplastics.com\/en\/","logo":{"@type":"ImageObject","inLanguage":"en-US","@id":"https:\/\/ferreirafacialplastics.com\/en\/#\/schema\/logo\/image\/","url":"https:\/\/ferreirafacialplastics.com\/wp-content\/uploads\/2025\/01\/favicon.png","contentUrl":"https:\/\/ferreirafacialplastics.com\/wp-content\/uploads\/2025\/01\/favicon.png","width":388,"height":388,"caption":"MGFERREIRA"},"image":{"@id":"https:\/\/ferreirafacialplastics.com\/en\/#\/schema\/logo\/image\/"},"sameAs":["https:\/\/www.facebook.com\/rinoplastiaporto\/","https:\/\/www.instagram.com\/miguelferreira_facialplastics\/","https:\/\/www.youtube.com\/@miguelgoncalvesferreira5956","https:\/\/www.linkedin.com\/in\/miguel-gonalves-ferreira-md-phd-47a7b623\/"]}]}},"_links":{"self":[{"href":"https:\/\/ferreirafacialplastics.com\/en\/wp-json\/wp\/v2\/pages\/2067","targetHints":{"allow":["GET"]}}],"collection":[{"href":"https:\/\/ferreirafacialplastics.com\/en\/wp-json\/wp\/v2\/pages"}],"about":[{"href":"https:\/\/ferreirafacialplastics.com\/en\/wp-json\/wp\/v2\/types\/page"}],"author":[{"embeddable":true,"href":"https:\/\/ferreirafacialplastics.com\/en\/wp-json\/wp\/v2\/users\/1"}],"replies":[{"embeddable":true,"href":"https:\/\/ferreirafacialplastics.com\/en\/wp-json\/wp\/v2\/comments?post=2067"}],"version-history":[{"count":14,"href":"https:\/\/ferreirafacialplastics.com\/en\/wp-json\/wp\/v2\/pages\/2067\/revisions"}],"predecessor-version":[{"id":2563,"href":"https:\/\/ferreirafacialplastics.com\/en\/wp-json\/wp\/v2\/pages\/2067\/revisions\/2563"}],"wp:featuredmedia":[{"embeddable":true,"href":"https:\/\/ferreirafacialplastics.com\/en\/wp-json\/wp\/v2\/media\/2075"}],"wp:attachment":[{"href":"https:\/\/ferreirafacialplastics.com\/en\/wp-json\/wp\/v2\/media?parent=2067"}],"curies":[{"name":"wp","href":"https:\/\/api.w.org\/{rel}","templated":true}]}}